{"id":2,"date":"2018-08-22T15:01:15","date_gmt":"2018-08-22T15:01:15","guid":{"rendered":"https:\/\/basar-kirchgellersen.s3.domainzentrale.eu\/?page_id=2"},"modified":"2026-02-22T19:33:43","modified_gmt":"2026-02-22T19:33:43","slug":"sample-page","status":"publish","type":"page","link":"https:\/\/basar-kirchgellersen.de\/?page_id=2","title":{"rendered":"F\u00fcr Verk\u00e4ufer*innen"},"content":{"rendered":"<h3>Du hast eine Verk\u00e4ufernummer erhalten und darfst dabei sein? Herzlichen Gl\u00fcckwunsch!<\/h3>\n<p>Nun gilt es, alle Hinweise, die du per E-Mail als Verk\u00e4ufer*in von uns erh\u00e4ltst, genau zu beachten und einzuhalten, um dir und uns Arbeit und Stress zu ersparen.<\/p>\n<p>In unseren <a href=\"https:\/\/basar-kirchgellersen.de\/?page_id=64\"><strong>FAQ<\/strong><\/a> kann man genau nachlesen, wie alles abl\u00e4uft. Per E-Mail werdet ihr von uns zus\u00e4tzlich mit allen brandaktuellen und wichtigen Infos versorgt.<\/p>\n","protected":false},"excerpt":{"rendered":"<p>Du hast eine Verk\u00e4ufernummer erhalten und darfst dabei sein? Herzlichen Gl\u00fcckwunsch! Nun gilt es, alle Hinweise, die du per E-Mail als Verk\u00e4ufer*in von uns erh\u00e4ltst, genau zu beachten und einzuhalten, um dir und uns Arbeit und Stress zu ersparen. In unseren FAQ kann man genau nachlesen, wie alles abl\u00e4uft. Per E-Mail werdet ihr von uns &hellip; <\/p>\n<p class=\"link-more\"><a href=\"https:\/\/basar-kirchgellersen.de\/?page_id=2\" class=\"more-link\"><span class=\"screen-reader-text\">\u201eF\u00fcr Verk\u00e4ufer*innen\u201c <\/span>weiterlesen<\/a><\/p>\n","protected":false},"author":1,"featured_media":49,"parent":0,"menu_order":0,"comment_status":"closed","ping_status":"open","template":"","meta":{"footnotes":""},"class_list":["post-2","page","type-page","status-publish","has-post-thumbnail","hentry"],"_links":{"self":[{"href":"https:\/\/basar-kirchgellersen.de\/index.php?rest_route=\/wp\/v2\/pages\/2","targetHints":{"allow":["GET"]}}],"collection":[{"href":"https:\/\/basar-kirchgellersen.de\/index.php?rest_route=\/wp\/v2\/pages"}],"about":[{"href":"https:\/\/basar-kirchgellersen.de\/index.php?rest_route=\/wp\/v2\/types\/page"}],"author":[{"embeddable":true,"href":"https:\/\/basar-kirchgellersen.de\/index.php?rest_route=\/wp\/v2\/users\/1"}],"replies":[{"embeddable":true,"href":"https:\/\/basar-kirchgellersen.de\/index.php?rest_route=%2Fwp%2Fv2%2Fcomments&post=2"}],"version-history":[{"count":17,"href":"https:\/\/basar-kirchgellersen.de\/index.php?rest_route=\/wp\/v2\/pages\/2\/revisions"}],"predecessor-version":[{"id":421,"href":"https:\/\/basar-kirchgellersen.de\/index.php?rest_route=\/wp\/v2\/pages\/2\/revisions\/421"}],"wp:featuredmedia":[{"embeddable":true,"href":"https:\/\/basar-kirchgellersen.de\/index.php?rest_route=\/wp\/v2\/media\/49"}],"wp:attachment":[{"href":"https:\/\/basar-kirchgellersen.de\/index.php?rest_route=%2Fwp%2Fv2%2Fmedia&parent=2"}],"curies":[{"name":"wp","href":"https:\/\/api.w.org\/{rel}","templated":true}]}}