{"id":66,"date":"2018-10-16T19:06:28","date_gmt":"2018-10-16T19:06:28","guid":{"rendered":"https:\/\/basar-kirchgellersen.s3.domainzentrale.eu\/?page_id=66"},"modified":"2025-08-25T19:27:16","modified_gmt":"2025-08-25T19:27:16","slug":"faq-helfer","status":"publish","type":"page","link":"https:\/\/basar-kirchgellersen.de\/?page_id=66","title":{"rendered":"FAQ HelferInnen"},"content":{"rendered":"<p><a href=\"#einsatzzeiten\"><span style=\"color: #000000;\"><span style=\"font-family: Arial, serif;\"><b>Einsatzzeiten<\/b><\/span><\/span><\/a><\/p>\n<p><a href=\"#schichten\"><span style=\"color: #000000;\"><span style=\"font-family: Arial, serif;\"><b>Schichten \u2013 Was ist wann zu tun?<\/b><\/span><\/span><\/a><\/p>\n<p><a href=\"#fristen\"><span style=\"color: #000000;\"><span style=\"font-family: Arial, serif;\"><b>Fristen<\/b><\/span><\/span><\/a><\/p>\n<p><a href=\"#helfernummern\"><span style=\"color: #000000;\"><span style=\"font-family: Arial, serif;\"><b>Helfer-Nummern<\/b><\/span><\/span><\/a><\/p>\n<p><a href=\"#buffetspende\"><strong><span style=\"color: #000000;\"><span style=\"font-family: Arial, serif;\">Buffet-Spende<\/span><\/span><\/strong><\/a><\/p>\n<p><a href=\"#umsatz\"><span style=\"color: #000000;\"><span style=\"font-family: Arial, serif;\"><b>Was passiert mit dem Umsatz?<\/b><\/span><\/span><\/a><\/p>\n<p><a href=\"#sachspenden\"><span style=\"color: #000000;\"><span style=\"font-family: Arial, serif;\"><b>Wohin gehen Sachspenden?<\/b><\/span><\/span><\/a><\/p>\n<h4 id=\"einsatzzeiten\"><span style=\"color: #000000;\"><span style=\"font-family: Arial, serif;\"><b>&#8212;&#8212;&#8212;&#8212;&#8212;&#8212;&#8212;&#8212;&#8212;<\/b><\/span><\/span><\/h4>\n<h4><\/h4>\n<h4><span style=\"color: #000000;\"><span style=\"font-family: Arial, serif;\"><b>Einsatzzeiten:<\/b><\/span><\/span><\/h4>\n<p style=\"padding-left: 30px;\"><span style=\"color: #000000;\"><span style=\"font-family: Arial, serif;\"><i><b>Donnerstag\u00a0<\/b><\/i><\/span><\/span><\/p>\n<p style=\"padding-left: 60px;\"><span style=\"color: #000000;\"><span style=\"font-family: Arial, serif;\">15.30 bis 19.00 Basar-Aufbau\/ Halle und Kistenannahme<\/span><\/span><\/p>\n<p style=\"padding-left: 30px;\"><span style=\"color: #000000;\"><span style=\"font-family: Arial, serif;\"><i><b>Freitag\u00a0<\/b><\/i><\/span><\/span><\/p>\n<p style=\"padding-left: 60px;\"><span style=\"color: #000000;\"><span style=\"font-family: Arial, serif;\">9.00 &#8211; 13.30 Basar-Aufbau\/ Klamotten<\/span><\/span><\/p>\n<p style=\"padding-left: 60px;\"><span style=\"color: #000000;\"><span style=\"font-family: Arial, serif;\">13.00 &#8211; ca. 18.00 Basar-Aufbau\/ Klamotten<\/span><\/span><\/p>\n<p style=\"padding-left: 30px;\"><span style=\"color: #000000;\"><span style=\"font-family: Arial, serif;\"><i><b>Samstag<\/b><\/i><\/span><\/span><\/p>\n<p style=\"padding-left: 30px; text-align: left;\"><span style=\"color: #000000;\"><span style=\"font-family: Arial, serif;\">Basar<\/span><\/span><\/p>\n<p style=\"padding-left: 60px;\"><span style=\"color: #000000;\"><span style=\"font-family: Arial, serif;\">8.00 &#8211; 13.00<\/span><\/span><\/p>\n<p style=\"padding-left: 60px;\"><span style=\"color: #000000;\"><span style=\"font-family: Arial, serif;\">beim Verkauf an Tischen, Eingang, Ger\u00e4teraum, etc., <\/span><\/span><span style=\"color: #000000;\"><span style=\"font-family: Arial, serif;\">Kasse, <\/span><\/span><span style=\"color: #000000;\"><span style=\"font-family: Arial, serif;\">Caf\u00e9, Kinderprogramm, Gro\u00dfteile und Fahrzeuge<\/span><\/span><\/p>\n<p><span style=\"color: #000000;\"><span style=\"font-family: Arial, serif;\">\u00a0 \u00a0 \u00a0 \u00a0 \u00a0Abbau<\/span><\/span><\/p>\n<p style=\"padding-left: 60px;\"><span style=\"color: #000000;\"><span style=\"font-family: Arial, serif;\">13.30 &#8211; Ende (ca.19:00 Uhr)<\/span><\/span><\/p>\n<p style=\"padding-left: 60px;\"><span style=\"color: #000000;\"><span style=\"font-family: Arial, serif;\">Abbau, Zur\u00fcckr\u00e4umen, Kisten-R\u00fcckgabe, <\/span><\/span><span style=\"color: #000000;\"><span style=\"font-family: Arial, serif;\">Spenden sortieren<\/span><\/span><\/p>\n<p style=\"padding-left: 30px;\"><strong><span style=\"color: #000000;\"><span style=\"font-family: Arial, serif;\">Hinweise zu den Einsatzzeiten:<\/span><\/span><\/strong><\/p>\n<p style=\"padding-left: 60px;\"><span style=\"color: #000000;\"><span style=\"font-family: Arial, serif;\">Bitte meldet euch f\u00fcr mindestens zwei Schichten an. Besonders dringend brauchen wir ausreichend HelferInnen am Samstag, sowohl f\u00fcr den Verkauf am Vormittag, als auch f\u00fcr das Zur\u00fcckr\u00e4umen am Nachmittag.<\/span><\/span><\/p>\n<p style=\"padding-left: 60px;\"><span style=\"color: #000000;\"><span style=\"font-family: Arial, serif;\">Shopping f\u00fcr Samstags-Helfer:<\/span><\/span><span style=\"color: #000000;\"><span style=\"font-family: Arial, serif;\">\u00a0<\/span><\/span><\/p>\n<p style=\"padding-left: 60px;\"><span style=\"color: #000000;\"><span style=\"font-family: Arial, serif;\">Die Samstags-Helfer d\u00fcrfen sehr gerne am Samstag schon um 8 Uhr kommen und shoppen, wir \u00f6ffnen dann um 8.30 Uhr eine Kasse exklusiv f\u00fcr euch, damit ihr dann trotzdem um kurz vor 9 Uhr bei Anpfiff auf euren Pl\u00e4tzen parat stehen k\u00f6nnt \ud83d\ude09<\/span><\/span><\/p>\n<h4 id=\"schichten\"><span style=\"color: #000000;\"><span style=\"font-family: Arial, serif;\"><b>&#8212;&#8212;&#8212;&#8212;&#8212;&#8212;&#8212;&#8212;&#8212;<\/b><\/span><\/span><\/h4>\n<h4><\/h4>\n<h4><span style=\"color: #000000;\"><span style=\"font-family: Arial, serif;\"><b>Schichten \u2013 Was ist wann zu tun?<\/b><\/span><\/span><\/h4>\n<p style=\"padding-left: 30px;\"><strong><span style=\"color: #000000;\"><span style=\"font-family: Arial, serif;\">Donnerstag Basar-Aufbau\/ Halle und Kistenannahme:<\/span><\/span><\/strong><\/p>\n<p style=\"padding-left: 60px;\"><span style=\"color: #000000;\"><span style=\"font-family: Arial, serif;\">15.30 \u2013 17.00 Uhr Aufbauen der Tische und Garderobenst\u00e4nder, Ausr\u00e4umen unseres Lagerraums und Verteilung der Sachen an ihre Pl\u00e4tze, Verteilen und Anbringen der Gr\u00f6\u00dfenschilder und Bezeichnungs-Schilder, Vorbereitung des Schuh-Bereichs, etc.<\/span><\/span><\/p>\n<p style=\"padding-left: 60px;\"><span style=\"color: #000000;\"><span style=\"font-family: Arial, serif;\">Ab 17.00 Uhr Verteilen der abgegebenen Kisten (diese werden von 3 HelferInnen angenommen und dokumentiert, dann nach hinten gestellt, von wo sie weiter verteilt werden m\u00fcssen, je nach Inhalt nach oben oder unter die Tische)<\/span><\/span><\/p>\n<p style=\"padding-left: 30px;\"><strong><span style=\"color: #000000;\"><span style=\"font-family: Arial, serif;\">Freitag 9.00 \u2013 13.30 und 13.00 \u2013 ca. 18.00: Basar-Aufbau\/ Klamotten:<\/span><\/span><\/strong><\/p>\n<p style=\"padding-left: 60px;\"><span style=\"color: #000000;\"><span style=\"font-family: Arial, serif;\">Ausr\u00e4umen der abgegeben Kisten \u2013 die Sachen werden zu den entsprechenden Gr\u00f6\u00dfen, bzw. zu den entsprechenden Bereichen (Schuhe, Sportsachen, Spielzeuge, B\u00fccher, etc.) verteilt<\/span><\/span><\/p>\n<p style=\"padding-left: 60px;\"><span style=\"color: #000000;\"><span style=\"font-family: Arial, serif;\">Erst wenn alle Kisten leer sind wird zur Fein-Sortierung \u00fcbergegangen (nach Pullover, Hosen, kurze Hosen, etc.) und alles gefaltet und so \u00fcbersichtlich wie m\u00f6glich auf die Tische verteilt.<\/span><\/span><\/p>\n<p style=\"padding-left: 60px;\"><span style=\"color: #000000;\"><span style=\"font-family: Arial, serif;\">Sortieren der Jacken, Kleider, Schneeanz\u00fcge, Westen etc. auf den Kleiderst\u00e4ndern nach Gr\u00f6\u00dfen<\/span><\/span><\/p>\n<p style=\"padding-left: 60px;\"><span style=\"color: #000000;\"><span style=\"font-family: Arial, serif;\">Kaputte, schmutzige oder saisonal unpassende Sachen aussortieren<\/span><\/span><\/p>\n<p style=\"padding-left: 60px;\"><span style=\"color: #000000;\"><span style=\"font-family: Arial, serif;\">Sinnvoller Aufbau der Schwangerschafts- und Baby-Ausstattungen<\/span><\/span><\/p>\n<p style=\"padding-left: 60px;\"><span style=\"color: #000000;\"><span style=\"font-family: Arial, serif;\">Sortieren der Spielzeuge und B\u00fccher<\/span><\/span><\/p>\n<p style=\"padding-left: 60px;\"><span style=\"color: #000000;\"><span style=\"font-family: Arial, serif;\">Sortieren der Schuhe nach Gr\u00f6\u00dfen<\/span><\/span><\/p>\n<p style=\"padding-left: 30px;\"><strong><span style=\"color: #000000;\"><span style=\"font-family: Arial, serif;\">Samstag 8.00 \u2013 13.00: Basar<\/span><\/span><\/strong><\/p>\n<p style=\"padding-left: 60px;\"><span style=\"color: #000000;\">\u201e<span style=\"font-family: Arial, serif;\">Betreuung\u201c der Tische und Bereiche \u2192 Klamotten, Schuhe, Spielzeuge, etc. wieder ordnen, ggf. Fragen beantworten, Pr\u00e4senz zeigen, gute Stimmung verbreiten \ud83d\ude42<\/span><\/span><\/p>\n<p style=\"padding-left: 60px;\"><span style=\"color: #000000;\"><span style=\"font-family: Arial, serif;\">Pr\u00e4senz am Eingang<\/span><\/span><\/p>\n<p style=\"padding-left: 60px;\"><span style=\"color: #000000;\"><span style=\"font-family: Arial, serif;\">Kassen<\/span><\/span><\/p>\n<p style=\"padding-left: 60px;\"><span style=\"color: #000000;\"><span style=\"font-family: Arial, serif;\">Verkauf von Kuchen, Torten und Getr\u00e4nken im Caf\u00e9<\/span><\/span><\/p>\n<p style=\"padding-left: 60px;\"><span style=\"color: #000000;\"><span style=\"font-family: Arial, serif;\">Kinder-Programm<\/span><\/span><\/p>\n<p style=\"padding-left: 30px;\"><strong><span style=\"color: #000000;\"><span style=\"font-family: Arial, serif;\">Samstag 13.30 \u2013 ca. 19.00: Abbau<\/span><\/span><\/strong><\/p>\n<p style=\"padding-left: 60px;\"><span style=\"color: #000000;\"><span style=\"font-family: Arial, serif;\">Zur\u00fccksortieren der nicht verkauften Artikel nach Nummern in die entsprechenden Kisten<\/span><\/span><\/p>\n<p style=\"padding-left: 60px;\"><span style=\"color: #000000;\"><span style=\"font-family: Arial, serif;\">Kisten \u00fcberpr\u00fcfen, ob die richtigen Nummern darin gelandet sind<\/span><\/span><\/p>\n<p style=\"padding-left: 60px;\"><span style=\"color: #000000;\"><span style=\"font-family: Arial, serif;\">Tische, Kleiderst\u00e4nder, etc. abbauen<\/span><\/span><\/p>\n<p style=\"padding-left: 60px;\"><span style=\"color: #000000;\"><span style=\"font-family: Arial, serif;\">Aufr\u00e4umen<\/span><\/span><\/p>\n<p style=\"padding-left: 60px;\"><span style=\"color: #000000;\"><span style=\"font-family: Arial, serif;\">Lagerraum wieder einr\u00e4umen<\/span><\/span><\/p>\n<h4 id=\"fristen\"><span style=\"color: #000000;\"><span style=\"font-family: Arial, serif;\"><b>&#8212;&#8212;&#8212;&#8212;&#8212;&#8212;&#8212;&#8212;&#8212;<\/b><\/span><\/span><\/h4>\n<h4><\/h4>\n<h4><span style=\"color: #000000;\"><span style=\"font-family: Arial, serif;\"><b>Fristen<\/b><\/span><\/span><\/h4>\n<h4 id=\"helfernummern\"><span style=\"color: #000000;\"><span style=\"font-family: Arial, serif;\"><b>&#8212;&#8212;&#8212;&#8212;&#8212;&#8212;&#8212;&#8212;&#8212;<\/b><\/span><\/span><\/h4>\n<h4><\/h4>\n<h4><span style=\"color: #000000;\"><span style=\"font-family: Arial, serif;\"><b>Helfer-Nummern<\/b><\/span><\/span><\/h4>\n<p style=\"padding-left: 30px;\"><strong><span style=\"color: #000000;\"><span style=\"font-family: Arial, serif;\">Wer bekommt wann eine?<\/span><\/span><\/strong><\/p>\n<p style=\"padding-left: 60px;\"><span style=\"color: #000000;\"><span style=\"font-family: Arial, serif;\">Unser Basar ist ein sogenannter \u201eNummern-Flohmarkt\u201c. Wir haben eine feste Anzahl an Nummern, die wir f\u00fcr den Verkauf der Kindersachen vergeben k\u00f6nnen. Diese Anzahl k\u00f6nnen wir aus Platzgr\u00fcnden nicht erh\u00f6hen. Die Nummern werden zur H\u00e4lfte \u00fcber die Nummern-Vergabe verteilt, die andere H\u00e4lfte wird an Helfende, die mindestens zwei Schichten beim Basar \u00fcbernehmen, abgegeben.<\/span><\/span><\/p>\n<p style=\"padding-left: 60px;\"><span style=\"color: #000000;\"><span style=\"font-family: Arial, serif;\">Wer Interesse an einer Helfer-Nummer hat, kann sich bei uns unter info@basar-kirchgellersen.de melden und erh\u00e4lt dann alle weiteren Informationen.<\/span><\/span><\/p>\n<p style=\"padding-left: 30px;\"><strong><span style=\"color: #000000;\"><span style=\"font-family: Arial, serif;\">Nummer teilen<\/span><\/span><\/strong><\/p>\n<p style=\"padding-left: 60px;\"><span style=\"color: #000000;\"><span style=\"font-family: Arial, serif;\">Generell ist es nat\u00fcrlich auch m\u00f6glich, sich eine Nummer zu teilen. Wenn man die Preise mit unterschiedlichen Endziffern macht (z.B. 1,00 \u20ac und 1,05 \u20ac) k\u00f6nnen die Einnahmen am Ende besser auseinandergehalten werden.<\/span><\/span><\/p>\n<h4 id=\"buffetspende\"><span style=\"color: #000000;\"><span style=\"font-family: Arial, serif;\"><b>&#8212;&#8212;&#8212;&#8212;&#8212;&#8212;&#8212;&#8212;&#8212;<\/b><\/span><\/span><\/h4>\n<h4><\/h4>\n<h4><span style=\"color: #000000;\"><span style=\"font-family: Arial, serif;\">Buffet-Spende<\/span><\/span><\/h4>\n<p style=\"padding-left: 30px;\"><span style=\"color: #000000;\"><span style=\"font-family: Arial, serif;\">Eine Salat- oder Kuchenspende ist f\u00fcr jede*n Nutzer*in einer Helfer-Nummer obligatorisch \ud83d\ude42<\/span><\/span><\/p>\n<p style=\"padding-left: 30px;\"><span style=\"color: #000000;\"><span style=\"font-family: Arial, serif;\">Bitte bedenkt, dass auch das Caf\u00e9 in den letzten Jahren einen gro\u00dfen Beitrag zu den Spenden-Geldern leisten konnte. Das geht nur, wenn gen\u00fcgend Spenden vorhanden sind.<\/span><\/span><\/p>\n<h4 id=\"umsatz\"><span style=\"color: #000000;\"><span style=\"font-family: Arial, serif;\"><b>&#8212;&#8212;&#8212;&#8212;&#8212;&#8212;&#8212;&#8212;&#8212;<\/b><\/span><\/span><\/h4>\n<h4><\/h4>\n<h4><span style=\"color: #000000;\"><span style=\"font-family: Arial, serif;\"><b>Was passiert mit dem Umsatz?<\/b><\/span><\/span><\/h4>\n<p style=\"padding-left: 30px;\"><span style=\"color: #000000;\"><span style=\"font-family: Arial, serif;\">Der gr\u00f6\u00dfte Teil des Umsatzes wird gemeinn\u00fctzig gespendet und kommt den Kindern und Jugendlichen vorrangig in der Gemeinde Gellersen zugute.<\/span><\/span><\/p>\n<p style=\"padding-left: 30px;\"><span style=\"color: #000000;\"><span style=\"font-family: Arial, serif;\">Die Spenden gehen in unterschiedlicher H\u00f6he und in unterschiedlicher Regelm\u00e4\u00dfigkeit zum Beispiel an das Kinder- und Jugendhaus Kirchgellersen, Naturschwimmbad Kirchgellersen, Albatros e.V., die B\u00fcchereien in Kirchgellersen und Reppenstedt, die Kinder- und Jugendsparte des TSV Gellersen, die Kinder- und Jugendfeuerwehren, etc.<\/span><\/span><\/p>\n<p style=\"padding-left: 30px;\"><span style=\"color: #000000;\"><span style=\"font-family: Arial, serif;\">Auch in den Krippen, Kinderg\u00e4rten und Schulen konnten wir mit Spenden schon Projekte unterst\u00fctzen.<\/span><\/span><\/p>\n<p style=\"padding-left: 30px;\"><span style=\"color: #000000;\"><span style=\"font-family: Arial, serif;\">Sprecht uns gerne an, wenn Ihr Anregungen zu weiteren Spendenempf\u00e4ngern habt. Wir sind offen f\u00fcr eure Ideen.<\/span><\/span><\/p>\n<h4 id=\"sachspenden\"><span style=\"color: #000000;\"><span style=\"font-family: Arial, serif;\"><b>&#8212;&#8212;&#8212;&#8212;&#8212;&#8212;&#8212;&#8212;&#8212;<\/b><\/span><\/span><\/h4>\n<h4><\/h4>\n<h4><span style=\"color: #000000;\"><span style=\"font-family: Arial, serif;\"><b>Wohin gehen Sachspenden?<\/b><\/span><\/span><\/h4>\n<p style=\"padding-left: 30px;\"><span style=\"color: #000000;\"><span style=\"font-family: Arial, serif;\">Schon seit Langem gehen au\u00dferdem gro\u00dfe Teile der Spenden an ein Frauenhaus im Wendland, wo die Frauen oft mit ihren Kindern, aber ohne viel Ausstattung ankommen.\u00a0<\/span><\/span><\/p>\n<p style=\"padding-left: 30px;\"><span style=\"color: #000000;\"><span style=\"font-family: Arial, serif;\">Auch die Schatztruhe in Reppenstedt hat von uns bereits Sachspenden erhalten.<\/span><\/span><\/p>\n<p style=\"padding-left: 30px;\"><span style=\"color: #000000;\"><span style=\"font-family: Arial, serif;\">Sprecht oder schreibt uns gerne an, solltet ihr noch weitere Anregungen haben.<\/span><\/span><\/p>\n","protected":false},"excerpt":{"rendered":"<p>Einsatzzeiten Schichten \u2013 Was ist wann zu tun? Fristen Helfer-Nummern Buffet-Spende Was passiert mit dem Umsatz? Wohin gehen Sachspenden? &#8212;&#8212;&#8212;&#8212;&#8212;&#8212;&#8212;&#8212;&#8212; Einsatzzeiten: Donnerstag\u00a0 15.30 bis 19.00 Basar-Aufbau\/ Halle und Kistenannahme Freitag\u00a0 9.00 &#8211; 13.30 Basar-Aufbau\/ Klamotten 13.00 &#8211; ca. 18.00 Basar-Aufbau\/ Klamotten Samstag Basar 8.00 &#8211; 13.00 beim Verkauf an Tischen, Eingang, Ger\u00e4teraum, etc., Kasse, Caf\u00e9, &hellip; <\/p>\n<p class=\"link-more\"><a href=\"https:\/\/basar-kirchgellersen.de\/?page_id=66\" class=\"more-link\"><span class=\"screen-reader-text\">\u201eFAQ HelferInnen\u201c <\/span>weiterlesen<\/a><\/p>\n","protected":false},"author":1,"featured_media":0,"parent":56,"menu_order":2,"comment_status":"closed","ping_status":"closed","template":"","meta":{"footnotes":""},"class_list":["post-66","page","type-page","status-publish","hentry"],"_links":{"self":[{"href":"https:\/\/basar-kirchgellersen.de\/index.php?rest_route=\/wp\/v2\/pages\/66","targetHints":{"allow":["GET"]}}],"collection":[{"href":"https:\/\/basar-kirchgellersen.de\/index.php?rest_route=\/wp\/v2\/pages"}],"about":[{"href":"https:\/\/basar-kirchgellersen.de\/index.php?rest_route=\/wp\/v2\/types\/page"}],"author":[{"embeddable":true,"href":"https:\/\/basar-kirchgellersen.de\/index.php?rest_route=\/wp\/v2\/users\/1"}],"replies":[{"embeddable":true,"href":"https:\/\/basar-kirchgellersen.de\/index.php?rest_route=%2Fwp%2Fv2%2Fcomments&post=66"}],"version-history":[{"count":66,"href":"https:\/\/basar-kirchgellersen.de\/index.php?rest_route=\/wp\/v2\/pages\/66\/revisions"}],"predecessor-version":[{"id":398,"href":"https:\/\/basar-kirchgellersen.de\/index.php?rest_route=\/wp\/v2\/pages\/66\/revisions\/398"}],"up":[{"embeddable":true,"href":"https:\/\/basar-kirchgellersen.de\/index.php?rest_route=\/wp\/v2\/pages\/56"}],"wp:attachment":[{"href":"https:\/\/basar-kirchgellersen.de\/index.php?rest_route=%2Fwp%2Fv2%2Fmedia&parent=66"}],"curies":[{"name":"wp","href":"https:\/\/api.w.org\/{rel}","templated":true}]}}