{"id":8,"date":"2018-08-29T19:16:03","date_gmt":"2018-08-29T19:16:03","guid":{"rendered":"https:\/\/basar-kirchgellersen.s3.domainzentrale.eu\/?page_id=8"},"modified":"2026-01-16T10:14:25","modified_gmt":"2026-01-16T10:14:25","slug":"startseite","status":"publish","type":"page","link":"https:\/\/basar-kirchgellersen.de\/","title":{"rendered":"Startseite"},"content":{"rendered":"<p>Der n\u00e4chste Termin f\u00fcr den Herbst-Basar ist der\u00a0 <strong>7. M\u00e4rz 2026<\/strong>\u00a0von 9 bis 12 Uhr.<\/p>\n<p><a href=\"https:\/\/basar-kirchgellersen.de\/wp-content\/uploads\/2025\/12\/FM_Flyer-66.Basar-Fruehjahr-2026-A4.pdf\">Hier<\/a> findet ihr unser aktuelles Plakat.<\/p>\n<p>Wer verkaufen m\u00f6chte, findet <a href=\"https:\/\/basar-kirchgellersen.de\/?page_id=64\">hier<\/a> alle wichtigen Informationen.<\/p>\n<p><span style=\"font-size: revert;\">Herzliche Gr\u00fc\u00dfe,<\/span><\/p>\n<p>euer Basar-Team<\/p>\n\n\n<p><\/p>\n","protected":false},"excerpt":{"rendered":"<p>Der n\u00e4chste Termin f\u00fcr den Herbst-Basar ist der\u00a0 7. M\u00e4rz 2026\u00a0von 9 bis 12 Uhr. Hier findet ihr unser aktuelles Plakat. Wer verkaufen m\u00f6chte, findet hier alle wichtigen Informationen. Herzliche Gr\u00fc\u00dfe, euer Basar-Team<\/p>\n","protected":false},"author":1,"featured_media":0,"parent":0,"menu_order":0,"comment_status":"closed","ping_status":"closed","template":"","meta":{"footnotes":""},"class_list":["post-8","page","type-page","status-publish","hentry"],"_links":{"self":[{"href":"https:\/\/basar-kirchgellersen.de\/index.php?rest_route=\/wp\/v2\/pages\/8","targetHints":{"allow":["GET"]}}],"collection":[{"href":"https:\/\/basar-kirchgellersen.de\/index.php?rest_route=\/wp\/v2\/pages"}],"about":[{"href":"https:\/\/basar-kirchgellersen.de\/index.php?rest_route=\/wp\/v2\/types\/page"}],"author":[{"embeddable":true,"href":"https:\/\/basar-kirchgellersen.de\/index.php?rest_route=\/wp\/v2\/users\/1"}],"replies":[{"embeddable":true,"href":"https:\/\/basar-kirchgellersen.de\/index.php?rest_route=%2Fwp%2Fv2%2Fcomments&post=8"}],"version-history":[{"count":43,"href":"https:\/\/basar-kirchgellersen.de\/index.php?rest_route=\/wp\/v2\/pages\/8\/revisions"}],"predecessor-version":[{"id":409,"href":"https:\/\/basar-kirchgellersen.de\/index.php?rest_route=\/wp\/v2\/pages\/8\/revisions\/409"}],"wp:attachment":[{"href":"https:\/\/basar-kirchgellersen.de\/index.php?rest_route=%2Fwp%2Fv2%2Fmedia&parent=8"}],"curies":[{"name":"wp","href":"https:\/\/api.w.org\/{rel}","templated":true}]}}