{"id":9,"date":"2018-08-29T19:23:06","date_gmt":"2018-08-29T19:23:06","guid":{"rendered":"https:\/\/basar-kirchgellersen.s3.domainzentrale.eu\/?page_id=9"},"modified":"2025-05-22T13:07:57","modified_gmt":"2025-05-22T13:07:57","slug":"ueber-mich","status":"publish","type":"page","link":"https:\/\/basar-kirchgellersen.de\/?page_id=9","title":{"rendered":"Allgemeine Infos"},"content":{"rendered":"<p>Wir verkaufen f\u00fcr euch:<\/p>\n<ul>\n<li>Kinderbekleidung von Gr\u00f6\u00dfe 50 &#8211; 188<\/li>\n<li>Fahrr\u00e4der und Helme, Dreir\u00e4der und Laufr\u00e4der<\/li>\n<li>Spielzeug<\/li>\n<li>B\u00fccher<\/li>\n<li>Kinderwagen<\/li>\n<li>Kinderm\u00f6bel<\/li>\n<li>Umstandsmoden<\/li>\n<li>Babyausstattung<\/li>\n<li>und alles, was das Elternherz noch begehrt<\/li>\n<\/ul>\n<p>In unserem Caf\u00e9 k\u00f6nnt ihr Kaffee, Kuchen, Bratwurst und weitere K\u00f6stlichkeiten genie\u00dfen oder auch f\u00fcr den Nachmittag mit nach Hause nehmen.\u00a0 Mehrwegbeh\u00e4lter und eigene Kaffeebecher d\u00fcrfen gern mitgebracht werden.<\/p>\n<p>Wir \u00f6ffnen gleichzeitig 6 Kassen und bem\u00fchen uns, die Wartezeiten zum Bezahlen so kurz wie m\u00f6glich zu halten. Es muss Bar gezahlt werden.<\/p>\n<p>Da es sich bei der Sporthalle nicht um eine Versammlungsst\u00e4tte handelt, sind wir gezwungen, die Personenzahl in der Sporthalle zu begrenzen. Es kann also auch vor dem Eingang zu einer Warteschlange kommen (die wir versuchen, euch mit Kaffee und Snacks etwas zu vers\u00fc\u00dfen&#8230;). Daf\u00fcr kann man sich in der Halle nun freier bewegen und kommt besser \u00fcberall heran. Es d\u00fcrfen erst wieder Personen in die Halle nachr\u00fccken, wenn hinten jemand die Halle verl\u00e4sst.<\/p>\n<p>Beim kommenden Basar d\u00fcrfen schwangere Frauen und eine Begleitperson bereits ab 8:30 Uhr in die Halle.<\/p>\n<p>Wir danken f\u00fcr euer Verst\u00e4ndnis &amp; freuen uns auf euch!<\/p>\n\n\n<p><\/p>\n","protected":false},"excerpt":{"rendered":"<p>Wir verkaufen f\u00fcr euch: Kinderbekleidung von Gr\u00f6\u00dfe 50 &#8211; 188 Fahrr\u00e4der und Helme, Dreir\u00e4der und Laufr\u00e4der Spielzeug B\u00fccher Kinderwagen Kinderm\u00f6bel Umstandsmoden Babyausstattung und alles, was das Elternherz noch begehrt In unserem Caf\u00e9 k\u00f6nnt ihr Kaffee, Kuchen, Bratwurst und weitere K\u00f6stlichkeiten genie\u00dfen oder auch f\u00fcr den Nachmittag mit nach Hause nehmen.\u00a0 Mehrwegbeh\u00e4lter und eigene Kaffeebecher d\u00fcrfen &hellip; <\/p>\n<p class=\"link-more\"><a href=\"https:\/\/basar-kirchgellersen.de\/?page_id=9\" class=\"more-link\"><span class=\"screen-reader-text\">\u201eAllgemeine Infos\u201c <\/span>weiterlesen<\/a><\/p>\n","protected":false},"author":1,"featured_media":51,"parent":0,"menu_order":0,"comment_status":"closed","ping_status":"closed","template":"","meta":{"footnotes":""},"class_list":["post-9","page","type-page","status-publish","has-post-thumbnail","hentry"],"_links":{"self":[{"href":"https:\/\/basar-kirchgellersen.de\/index.php?rest_route=\/wp\/v2\/pages\/9","targetHints":{"allow":["GET"]}}],"collection":[{"href":"https:\/\/basar-kirchgellersen.de\/index.php?rest_route=\/wp\/v2\/pages"}],"about":[{"href":"https:\/\/basar-kirchgellersen.de\/index.php?rest_route=\/wp\/v2\/types\/page"}],"author":[{"embeddable":true,"href":"https:\/\/basar-kirchgellersen.de\/index.php?rest_route=\/wp\/v2\/users\/1"}],"replies":[{"embeddable":true,"href":"https:\/\/basar-kirchgellersen.de\/index.php?rest_route=%2Fwp%2Fv2%2Fcomments&post=9"}],"version-history":[{"count":12,"href":"https:\/\/basar-kirchgellersen.de\/index.php?rest_route=\/wp\/v2\/pages\/9\/revisions"}],"predecessor-version":[{"id":387,"href":"https:\/\/basar-kirchgellersen.de\/index.php?rest_route=\/wp\/v2\/pages\/9\/revisions\/387"}],"wp:featuredmedia":[{"embeddable":true,"href":"https:\/\/basar-kirchgellersen.de\/index.php?rest_route=\/wp\/v2\/media\/51"}],"wp:attachment":[{"href":"https:\/\/basar-kirchgellersen.de\/index.php?rest_route=%2Fwp%2Fv2%2Fmedia&parent=9"}],"curies":[{"name":"wp","href":"https:\/\/api.w.org\/{rel}","templated":true}]}}